{"id":15866,"date":"2013-01-06T12:43:15","date_gmt":"2013-01-06T12:43:15","guid":{"rendered":"http:\/\/verum.md\/start\/"},"modified":"2024-03-19T00:13:06","modified_gmt":"2024-03-18T21:13:06","slug":"start","status":"publish","type":"page","link":"https:\/\/basarabia-nord.md\/ro\/","title":{"rendered":"Despre noi"},"content":{"rendered":"<p>[vc_row type=&#8221;full_width_section&#8221; bg_position=&#8221;left top&#8221;][vc_column width=&#8221;1\/1&#8243;]\n\t\t\t<!-- START 3.0ro REVOLUTION SLIDER 6.2.22 --><p class=\"rs-p-wp-fix\"><\/p>\n\t\t\t<rs-module-wrap id=\"rev_slider_25_1_wrapper\" data-source=\"gallery\" style=\"background:#000000;padding:0;margin:0px auto;margin-top:0;margin-bottom:0;\">\n\t\t\t\t<rs-module id=\"rev_slider_25_1\" style=\"\" data-version=\"6.2.22\">\n\t\t\t\t\t<rs-slides>\n\t\t\t\t\t\t<rs-slide data-key=\"rs-48\" data-title=\"Mountains\" data-anim=\"ei:d;eo:d;s:600;r:0;t:fade;sl:7;\">\n\t\t\t\t\t\t\t<img src=\"\/\/basarabia-nord.md\/wp-content\/uploads\/2021\/06\/head-9.png\" title=\"head-9\" width=\"1920\" height=\"750\" data-parallax=\"1\" class=\"rev-slidebg\" data-no-retina>\n<!--\n\t\t\t\t\t\t\t--><rs-layer\n\t\t\t\t\t\t\t\tid=\"slider-25-slide-48-layer-1\" \n\t\t\t\t\t\t\t\tclass=\"slider-h1-text mintibolddark\"\n\t\t\t\t\t\t\t\tdata-type=\"text\"\n\t\t\t\t\t\t\t\tdata-color=\"#ffffff\"\n\t\t\t\t\t\t\t\tdata-rsp_ch=\"on\"\n\t\t\t\t\t\t\t\tdata-xy=\"x:71px;y:b;yo:240px;\"\n\t\t\t\t\t\t\t\tdata-text=\"s:80;ls:4px;fw:700;\"\n\t\t\t\t\t\t\t\tdata-wrpcls=\"slider-h1\"\n\t\t\t\t\t\t\t\tdata-frame_0=\"y:50px;\"\n\t\t\t\t\t\t\t\tdata-frame_1=\"e:power3.out;st:300;sR:300;\"\n\t\t\t\t\t\t\t\tdata-frame_999=\"st:w;auto:true;\"\n\t\t\t\t\t\t\t\tstyle=\"z-index:9;font-family:HPro;font-style:italic;\"\n\t\t\t\t\t\t\t>Despre noi \n\t\t\t\t\t\t\t<\/rs-layer><!--\n\n\t\t\t\t\t\t\t--><rs-layer\n\t\t\t\t\t\t\t\tid=\"slider-25-slide-48-layer-7\" \n\t\t\t\t\t\t\t\tdata-type=\"shape\"\n\t\t\t\t\t\t\t\tdata-rsp_ch=\"on\"\n\t\t\t\t\t\t\t\tdata-xy=\"x:15px;y:b;yo:223px;\"\n\t\t\t\t\t\t\t\tdata-text=\"w:normal;\"\n\t\t\t\t\t\t\t\tdata-dim=\"w:80;h:48;\"\n\t\t\t\t\t\t\t\tdata-frame_999=\"o:0;st:w;\"\n\t\t\t\t\t\t\t\tstyle=\"z-index:8;\"\n\t\t\t\t\t\t\t><rs-bg-elem style=\"background: url('\/\/basarabia-nord.md\/wp-content\/uploads\/2021\/06\/Asset-1.png') no-repeat center center; background-size: auto;\"><\/rs-bg-elem>\n \n\t\t\t\t\t\t\t<\/rs-layer><!--\n-->\t\t\t\t\t\t<\/rs-slide>\n\t\t\t\t\t<\/rs-slides>\n\t\t\t\t\t<rs-static-layers><!--\n\t\t\t\t\t--><\/rs-static-layers>\n\t\t\t\t<\/rs-module>\n\t\t\t\t<script type=\"text\/javascript\">\n\t\t\t\t\tsetREVStartSize({c: 'rev_slider_25_1',rl:[1240,1024,778,480],el:[500],gw:[1160],gh:[500],type:'hero',justify:'',layout:'fullwidth',mh:\"0\"});\n\t\t\t\t\tvar\trevapi25,\n\t\t\t\t\t\ttpj;\n\t\t\t\t\tfunction revinit_revslider251() {\n\t\t\t\t\tjQuery(function() {\n\t\t\t\t\t\ttpj = jQuery;\n\t\t\t\t\t\trevapi25 = tpj(\"#rev_slider_25_1\");\n\t\t\t\t\t\ttpj.noConflict();\n\t\t\t\t\t\tif(revapi25==undefined || revapi25.revolution == undefined){\n\t\t\t\t\t\t\trevslider_showDoubleJqueryError(\"rev_slider_25_1\");\n\t\t\t\t\t\t}else{\n\t\t\t\t\t\t\trevapi25.revolution({\n\t\t\t\t\t\t\t\tsliderType:\"hero\",\n\t\t\t\t\t\t\t\tsliderLayout:\"fullwidth\",\n\t\t\t\t\t\t\t\tvisibilityLevels:\"1240,1024,778,480\",\n\t\t\t\t\t\t\t\tgridwidth:1160,\n\t\t\t\t\t\t\t\tgridheight:500,\n\t\t\t\t\t\t\t\tspinner:\"spinner2\",\n\t\t\t\t\t\t\t\tperspective:600,\n\t\t\t\t\t\t\t\tperspectiveType:\"local\",\n\t\t\t\t\t\t\t\teditorheight:\"500,706,560,420\",\n\t\t\t\t\t\t\t\tresponsiveLevels:\"1240,1024,778,480\",\n\t\t\t\t\t\t\t\tprogressBar:{disableProgressBar:true},\n\t\t\t\t\t\t\t\tparallax: {\n\t\t\t\t\t\t\t\t\tlevels:[1,2,3,20,25,30,35,40,45,50,47,48,49,50,51,55],\n\t\t\t\t\t\t\t\t\ttype:\"mouse\"\n\t\t\t\t\t\t\t\t},\n\t\t\t\t\t\t\t\tfallbacks: {\n\t\t\t\t\t\t\t\t\tallowHTML5AutoPlayOnAndroid:true\n\t\t\t\t\t\t\t\t},\n\t\t\t\t\t\t\t});\n\t\t\t\t\t\t}\n\t\t\t\t\t\t\n\t\t\t\t\t});\n\t\t\t\t\t} \/\/ End of RevInitScript\n\t\t\t\tvar once_revslider251 = false;\n\t\t\t\tif (document.readyState === \"loading\") {document.addEventListener('readystatechange',function() { if((document.readyState === \"interactive\" || document.readyState === \"complete\") && !once_revslider251 ) { once_revslider251 = true; revinit_revslider251();}});} else {once_revslider251 = true; revinit_revslider251();}\n\t\t\t\t<\/script>\n\t\t\t\t<script>\n\t\t\t\t\tvar htmlDivCss = ' #rev_slider_25_1_wrapper rs-loader.spinner2{ background-color: #ffffff !important; } ';\n\t\t\t\t\tvar htmlDiv = document.getElementById('rs-plugin-settings-inline-css');\n\t\t\t\t\tif(htmlDiv) {\n\t\t\t\t\t\thtmlDiv.innerHTML = htmlDiv.innerHTML + htmlDivCss;\n\t\t\t\t\t}else{\n\t\t\t\t\t\tvar htmlDiv = document.createElement('div');\n\t\t\t\t\t\thtmlDiv.innerHTML = '<style>' + htmlDivCss + '<\/style>';\n\t\t\t\t\t\tdocument.getElementsByTagName('head')[0].appendChild(htmlDiv.childNodes[0]);\n\t\t\t\t\t}\n\t\t\t\t<\/script>\n\t\t\t<\/rs-module-wrap>\n\t\t\t<!-- END REVOLUTION SLIDER -->\n[\/vc_column][\/vc_row][vc_row top_padding=&#8221;30&#8243; bottom_padding=&#8221;30&#8243;][vc_column column_padding=&#8221;padding-2&#8243;][vc_column_text]<\/p>\n<h2>Misiune<\/h2>\n<ul>\n<li>s\u0103 cre\u0103m nu doar mezeluri, ci un gust inedit care transmite dispozi\u0163ie;<\/li>\n<li>s\u0103 descoperim abilit\u0103\u0163ile profesionale ale fiec\u0103rui angajat;<\/li>\n<li>s\u0103 p\u0103str\u0103m, sporim \u015fi s\u0103 transmitem secretele mezelurilor preg\u0103tite cu m\u0103estrie, pentru satisfacerea necesit\u0103\u0163ilor existente ale societ\u0103\u0163ii dar \u015fi formarea unor noi.<\/li>\n<\/ul>\n<h2>Valori<\/h2>\n<p><strong>Calitatea<\/strong> \u2014 este cea \u00een care investim cel mai mult pe parcursul \u00eentregului proces tehnologic: de la alegerea materiei prime \u015fi a utilajului cu care lucr\u0103m, p\u00een\u0103 la produsele finite oferite consumatorului.<\/p>\n<p><strong>Echipa profesionist\u0103<\/strong> \u2013 este cheia succesului oric\u0103rei \u00eentreprinderi. Pe parcursul a mai mult de 65 de ani noi am construit un colectiv de profesioni\u015fti de \u00eenalt\u0103 calificare, care produce mezeluri gustoase \u015fi s\u0103n\u0103toase, pentru orice gust.<\/p>\n<p><strong>Gustul des\u0103v\u00e2r\u0219it<\/strong> \u2013 este ceea, spre ce tindem, cre\u00e2nd produsele noastre. Pentru noi este important s\u0103 \u015ftim c\u0103 mezelurile noastre o s\u0103 v\u0103 aduc\u0103 maximum satisfac\u0163ie gustativ\u0103.<\/p>\n<p><strong>S\u0103n\u0103tatea<\/strong> \u2013 este valoarea suprem\u0103, iat\u0103 de ce \u00een compozi\u0163ia produselor noastre intr\u0103 doar materie prim\u0103 de calitate superioar\u0103, produse proaspete \u015fi condimente naturale. Prin urmare mezelurile noastre sunt nu doar gustoase, dar \u015fi folositoare.<\/p>\n<p><strong>Tradi\u0163ii de producere<\/strong> \u2013 sunt ceea ce p\u0103str\u0103m temeinic \u00een decursul a mai mult de 65 de ani, prin intermediul dinastiilor de me\u015fteri ai mezelurilor, care p\u0103streaz\u0103 re\u021betele STAS.<\/p>\n<p><strong>Inova\u0163ii<\/strong> \u2013 \u00eentotdeauna, \u00een tot ceea ce facem. Dac\u0103 utilaj, atunci cel mai performant. Dac\u0103 re\u021bete, atunci \u00eentotdeauna ceva nou.<\/p>\n<p><strong>\u00cencrederea cump\u0103r\u0103torilor no\u015ftri<\/strong> \u2013 este ceea ce pre\u021buim cel mai mult. Din acest motiv facem totul pentru a v\u0103 dep\u0103\u0219i a\u015ftept\u0103rile \u015fi s\u0103 corespundem preferin\u0163elor Dvs. gustative.<\/p>\n\n\t\t<style type=\"text\/css\">\n\t\t\t#gallery-1 {\n\t\t\t\tmargin: auto;\n\t\t\t}\n\t\t\t#gallery-1 .gallery-item {\n\t\t\t\tfloat: left;\n\t\t\t\tmargin-top: 10px;\n\t\t\t\ttext-align: center;\n\t\t\t\twidth: 50%;\n\t\t\t}\n\t\t\t#gallery-1 img {\n\t\t\t\tborder: 2px solid #cfcfcf;\n\t\t\t}\n\t\t\t#gallery-1 .gallery-caption {\n\t\t\t\tmargin-left: 0;\n\t\t\t}\n\t\t\t\/* see gallery_shortcode() in wp-includes\/media.php *\/\n\t\t<\/style>\n\t\t<div id='gallery-1' class='gallery galleryid-15866 gallery-columns-2 gallery-size-full'><dl class='gallery-item'>\n\t\t\t<dt class='gallery-icon landscape'>\n\t\t\t\t<img width=\"984\" height=\"656\" src=\"https:\/\/basarabia-nord.md\/wp-content\/uploads\/2021\/07\/about0.jpg\" class=\"attachment-full size-full\" alt=\"\" loading=\"lazy\" srcset=\"https:\/\/basarabia-nord.md\/wp-content\/uploads\/2021\/07\/about0.jpg 984w, https:\/\/basarabia-nord.md\/wp-content\/uploads\/2021\/07\/about0-390x260.jpg 390w, https:\/\/basarabia-nord.md\/wp-content\/uploads\/2021\/07\/about0-768x512.jpg 768w, https:\/\/basarabia-nord.md\/wp-content\/uploads\/2021\/07\/about0-600x400.jpg 600w\" sizes=\"(max-width: 984px) 100vw, 984px\" \/>\n\t\t\t<\/dt><\/dl><dl class='gallery-item'>\n\t\t\t<dt class='gallery-icon landscape'>\n\t\t\t\t<img width=\"1240\" height=\"828\" src=\"https:\/\/basarabia-nord.md\/wp-content\/uploads\/2021\/08\/10-1.png\" class=\"attachment-full size-full\" alt=\"\" loading=\"lazy\" srcset=\"https:\/\/basarabia-nord.md\/wp-content\/uploads\/2021\/08\/10-1.png 1240w, https:\/\/basarabia-nord.md\/wp-content\/uploads\/2021\/08\/10-1-390x260.png 390w, https:\/\/basarabia-nord.md\/wp-content\/uploads\/2021\/08\/10-1-1024x684.png 1024w, https:\/\/basarabia-nord.md\/wp-content\/uploads\/2021\/08\/10-1-768x513.png 768w, https:\/\/basarabia-nord.md\/wp-content\/uploads\/2021\/08\/10-1-600x400.png 600w\" sizes=\"(max-width: 1240px) 100vw, 1240px\" \/>\n\t\t\t<\/dt><\/dl><br style=\"clear: both\" \/>\n\t\t<\/div>\n\n<h2>Stilul companiei<\/h2>\n<p>\u201eBasarabia Nord\u201d este aliajul dintre trecut \u015fi viitor; dintre tradi\u0163ii de jum\u0103tate de secol \u015fi inova\u0163ii tehnologice; dintre re\u021betele STAS \u015fi buc\u0103t\u0103ria avangardist\u0103; dinastii de me\u015fteri \u015fi speciali\u015fti tineri \u015fi entuziasma\u0163i. Sarcina noastr\u0103 de baz\u0103 este s\u0103 satisfacem pasiunile gustative ale consumatorilor. S\u0103 creezi produse este o adev\u0103rat\u0103 art\u0103, \u015fi noi ne pricepem bine la asta.<br \/>\nSalamul este realizarea ideilor noastre. Fiecare tip de salam are nuan\u0163a sa gustativ\u0103 \u2013 inedit\u0103, rafinat\u0103 \u015fi intens\u0103. \u015ei totul se datoreaz\u0103 axiomei stabilite a procesului nostru de produc\u0163ie: materie prim\u0103 doar de calitate \u00eenalt\u0103, cele mai bune condimente \u015fi componente naturale.<\/p>\n<h2>Grija fa\u0163\u0103 de consumator<\/h2>\n<p>Noi lucr\u0103m pentru satisfacerea preferin\u0163elor dvs. aproape 70 de ani.<br \/>\nPentru noi e important s\u0103 \u015ftim c\u0103 dvs. A\u0163i r\u0103mas satisf\u0103cu\u0163i de produsele noastre.<br \/>\nNoi suntem deschi\u015fi s\u0103 ascult\u0103m propunerele dvs. Sau s\u0103 v\u0103 oferim informa\u0163ii suplimentare despre delicatesele noastre \u015fi procesul tehnologic la num\u0103rul de telefon <a href=\"tel:+37322800008\">(022)\u00a0800\u00a0008<\/a>.<br \/>\nNoi ne bucur\u0103m c\u00eend v\u0103 vedem ferici\u0163i \u015fi satisf\u0103cu\u0163i dup\u0103 ce cump\u0103ra\u0163i produsele noastre.<\/p>\n<h2>\u201dBasarabia Nord\u201d face parte din Filletti Group.<\/h2>\n<p>Din 2010, combinatul de carne \u201d<strong>Basarabia Nord<\/strong>\u201d face parte din <strong>Filletti Group<\/strong>, un grup de companii agroindustriale, care func\u021bioneaz\u0103 pe baza principiului \u201eDe pe c\u00e2mp pe mas\u0103\u201d, \u00eencep\u00e2nd cu propriile combine, cultivarea cerealelor, stocarea cerealelor \u00een propriile hambare, producerea de furaje pentru animale, ferme proprii de porci, termin\u00e2nd cu prelucrarea c\u0103rnii, producerea de salamuri \u0219i p\u00e2ine.<\/p>\n<p>Compania noastr\u0103 de\u021bine deja peste 12 mii de hectare \u00een toat\u0103 Moldova.<\/p>\n<p><strong>Filletti Group<\/strong> are mai mult de 1.700 de angaja\u021bi: \u0219oferi de tractoare \u0219i de combine, fermieri, agronomi, mae\u0219tri \u00een producerea de c\u00e2rna\u021bi, tehnologi, brutari, \u0219oferi, manageri &#8211; ace\u0219tia sunt cet\u0103\u021beni ai Republicii Moldova care creeaz\u0103 zilnic peste 100 de produse de calitate.<\/p>\n<p><strong>Filletti Group<\/strong> opereaz\u0103 \u00een sectorul agricol real economic de 19 ani, investind \u00eentr-un ciclu complet, de la prelucrarea terenurilor p\u00e2n\u0103 la producerea de alimente.<\/p>\n<p>[\/vc_column_text][\/vc_column][\/vc_row]<\/p>\n","protected":false},"excerpt":{"rendered":"<p>[vc_row type=&#8221;full_width_section&#8221; bg_position=&#8221;left top&#8221;][vc_column width=&#8221;1\/1&#8243;][\/vc_column][\/vc_row][vc_row top_padding=&#8221;30&#8243; bottom_padding=&#8221;30&#8243;][vc_column column_padding=&#8221;padding-2&#8243;][vc_column_text] Misiune s\u0103 cre\u0103m nu doar mezeluri, ci un gust inedit care transmite dispozi\u0163ie; s\u0103 descoperim abilit\u0103\u0163ile profesionale ale fiec\u0103rui angajat; s\u0103 p\u0103str\u0103m, sporim \u015fi s\u0103 transmitem secretele mezelurilor preg\u0103tite cu m\u0103estrie, pentru satisfacerea necesit\u0103\u0163ilor existente ale societ\u0103\u0163ii dar \u015fi formarea unor noi. Valori Calitatea \u2014 este cea \u00een care investim cel mai mult pe parcursul \u00eentregului proces tehnologic: de la alegerea materiei prime \u015fi a utilajului cu care lucr\u0103m, p\u00een\u0103 la produsele finite oferite consumatorului. Echipa profesionist\u0103 \u2013 este cheia succesului oric\u0103rei \u00eentreprinderi. Pe parcursul a mai mult de 65 de ani noi am construit un colectiv de profesioni\u015fti de \u00eenalt\u0103 calificare, care produce mezeluri gustoase \u015fi s\u0103n\u0103toase, pentru orice gust. Gustul des\u0103v\u00e2r\u0219it \u2013 este ceea, spre ce tindem, cre\u00e2nd produsele noastre. Pentru noi este important s\u0103 \u015ftim c\u0103 mezelurile noastre o s\u0103 v\u0103 aduc\u0103 maximum satisfac\u0163ie gustativ\u0103. S\u0103n\u0103tatea \u2013 este valoarea suprem\u0103, iat\u0103 de ce \u00een compozi\u0163ia produselor noastre intr\u0103 doar materie prim\u0103 de calitate superioar\u0103, produse proaspete \u015fi condimente naturale. Prin urmare mezelurile noastre sunt nu doar gustoase, dar \u015fi folositoare. Tradi\u0163ii de producere \u2013 sunt ceea ce p\u0103str\u0103m temeinic \u00een decursul a mai mult de 65 de ani, prin [&hellip;]<\/p>\n","protected":false},"author":1,"featured_media":0,"parent":0,"menu_order":0,"comment_status":"closed","ping_status":"open","template":"","meta":[],"_links":{"self":[{"href":"https:\/\/basarabia-nord.md\/ro\/wp-json\/wp\/v2\/pages\/15866"}],"collection":[{"href":"https:\/\/basarabia-nord.md\/ro\/wp-json\/wp\/v2\/pages"}],"about":[{"href":"https:\/\/basarabia-nord.md\/ro\/wp-json\/wp\/v2\/types\/page"}],"author":[{"embeddable":true,"href":"https:\/\/basarabia-nord.md\/ro\/wp-json\/wp\/v2\/users\/1"}],"replies":[{"embeddable":true,"href":"https:\/\/basarabia-nord.md\/ro\/wp-json\/wp\/v2\/comments?post=15866"}],"version-history":[{"count":35,"href":"https:\/\/basarabia-nord.md\/ro\/wp-json\/wp\/v2\/pages\/15866\/revisions"}],"predecessor-version":[{"id":16808,"href":"https:\/\/basarabia-nord.md\/ro\/wp-json\/wp\/v2\/pages\/15866\/revisions\/16808"}],"wp:attachment":[{"href":"https:\/\/basarabia-nord.md\/ro\/wp-json\/wp\/v2\/media?parent=15866"}],"curies":[{"name":"wp","href":"https:\/\/api.w.org\/{rel}","templated":true}]}}