{"id":16642,"date":"2021-08-02T12:15:36","date_gmt":"2021-08-02T09:15:36","guid":{"rendered":"https:\/\/basarabia-nord.md\/productie\/"},"modified":"2021-08-13T03:07:52","modified_gmt":"2021-08-13T00:07:52","slug":"productie","status":"publish","type":"page","link":"https:\/\/basarabia-nord.md\/ro\/productie\/","title":{"rendered":"Produc\u021bie"},"content":{"rendered":"<h2>Procesul tehnologic<\/h2>\n<p>\u201e<strong>Basarabia Nord<\/strong>\u201d este un exemplu modern al industriei prelucr\u0103rii de carne cu un ciclu complet de produc\u0163ie. Aceasta asigur\u0103 gestionarea sistematic\u0103 a calit\u0103\u0163ii la toate nivele, de la abator, p\u00een\u0103 la ambalarea \u015fi realizarea produselor.<\/p>\n<h2>O jum\u0103tate de secol de experien\u021b\u0103 a dinastiilor de me\u015fteri ai mezelurilor<\/h2>\n<p>Scopul de baz\u0103 al companiei \u201e<strong>Basarabia Nord<\/strong>\u201d este producerea mezelurilor proaspete, de calitate superioar\u0103. Succesul nostru este asigurat de o echip\u0103 de profesioni\u015fti motiva\u0163i la toate nivelele. Pe parcursul istoriei noastre de mai mult de jum\u0103tate de secol s-au format mai multe genera\u0163ii de tehnologi \u015fi me\u015fteri \u00een producerea salamurilor, care lucreaz\u0103 mai mul\u0163i ani \u00een \u00eentreprinderea noastr\u0103 \u015fi transmit experien\u0163a lor bogat\u0103 tinerilor speciali\u015fti. Ast\u0103zi la Combinatul de carne \u201e<strong>Basarabia Nord<\/strong>\u201d activeaz\u0103 reprezentan\u0163ii a mai mult de 10 dinastii.<\/p>\n<h2>Re\u021betele STAS \u015fi buc\u0103t\u0103ria avangardist\u0103<\/h2>\n<p>\u201e<strong>Basarabia Nord<\/strong>\u201d este marca despre care se spune: \u201eIat\u0103 a\u015fa trebuie s\u0103 fie salamul \u2013 ca \u00een copil\u0103rie!\u201d<br \/>\n\u00cen asortimentul \u201eBasarabia Nord\u201d intr\u0103 peste 200 de tipuri de salam \u015fi delicatese din carne. La baza asortimentului stau salamuri \u015fi afum\u0103turi preg\u0103tite \u00een conformitate cu standardele STAS. \u00cen decurs de peste 65 de ani, noi producem: salamuri fierte \u201eDoktorskaia\u201d, \u201eLiubiteliskaia\u201d, salamuri fiert-afumate: \u201eServelat\u201d, \u201eDe Moscova\u201d, salamuri crud-afumate \u201eServelat\u201d, \u201eDe Moscova\u201d, \u201eZernistaia\u201d, \u201eNevskaia\u201d \u015fi \u201eCapitala\u201d. Pe l\u00eeng\u0103 re\u021betele tradi\u0163ionale, \u00een asortimentul \u201eBasarabia Nord\u201d sunt prezente gusturi originale, elaborate de tehnologii no\u015ftri.<\/p>\n<h2>Salamul gustos \u00eenseamn\u0103 materie prim\u0103 ideal\u0103<\/h2>\n<p>Propriul abator pe teritoriul combinatului de carne, zilnic asigur\u0103 procesul de produc\u0163ie cu materie prim\u0103 proasp\u0103t\u0103, de calitate, din care se produc toate delicatesele \u201eBasarabia Nord\u201d. Carnea noastr\u0103 nu este supus\u0103 congel\u0103rii, fapt care asigur\u0103 p\u0103strarea gustului natural \u015fi a tuturor propriet\u0103\u0163ilor s\u0103n\u0103toase.<br \/>\nPrincipalii furnizori ai companiei \u201eBasarabia Nord\u201d sunt cele mai mari complexe de cre\u015ftere a porcilor de becon. De asemenea, noi am semnat acorduri cu complexele europene de cre\u015ftere a animalelor pentru carne, \u00een alimentarea c\u0103rora nu se folosesc preparate care stimuleaz\u0103 cre\u015fterea. Datorit\u0103 acestui fapt, produc\u0163ia noastr\u0103 este considerat\u0103 ecologic pur\u0103 \u015fi de o calitate \u00eenalt\u0103.<\/p>\n\n\t\t<style type=\"text\/css\">\n\t\t\t#gallery-1 {\n\t\t\t\tmargin: auto;\n\t\t\t}\n\t\t\t#gallery-1 .gallery-item {\n\t\t\t\tfloat: left;\n\t\t\t\tmargin-top: 10px;\n\t\t\t\ttext-align: center;\n\t\t\t\twidth: 50%;\n\t\t\t}\n\t\t\t#gallery-1 img {\n\t\t\t\tborder: 2px solid #cfcfcf;\n\t\t\t}\n\t\t\t#gallery-1 .gallery-caption {\n\t\t\t\tmargin-left: 0;\n\t\t\t}\n\t\t\t\/* see gallery_shortcode() in wp-includes\/media.php *\/\n\t\t<\/style>\n\t\t<div id='gallery-1' class='gallery galleryid-16642 gallery-columns-2 gallery-size-portfolio'><dl class='gallery-item'>\n\t\t\t<dt class='gallery-icon landscape'>\n\t\t\t\t<img width=\"600\" height=\"400\" src=\"https:\/\/basarabia-nord.md\/wp-content\/uploads\/2021\/07\/prod-5-600x400.jpg\" class=\"attachment-portfolio size-portfolio\" alt=\"\" loading=\"lazy\" \/>\n\t\t\t<\/dt><\/dl><dl class='gallery-item'>\n\t\t\t<dt class='gallery-icon landscape'>\n\t\t\t\t<img width=\"600\" height=\"400\" src=\"https:\/\/basarabia-nord.md\/wp-content\/uploads\/2021\/07\/prod-2-600x400.jpg\" class=\"attachment-portfolio size-portfolio\" alt=\"\" loading=\"lazy\" srcset=\"https:\/\/basarabia-nord.md\/wp-content\/uploads\/2021\/07\/prod-2-600x400.jpg 600w, https:\/\/basarabia-nord.md\/wp-content\/uploads\/2021\/07\/prod-2-390x260.jpg 390w, https:\/\/basarabia-nord.md\/wp-content\/uploads\/2021\/07\/prod-2-768x512.jpg 768w, https:\/\/basarabia-nord.md\/wp-content\/uploads\/2021\/07\/prod-2.jpg 984w\" sizes=\"(max-width: 600px) 100vw, 600px\" \/>\n\t\t\t<\/dt><\/dl><br style=\"clear: both\" \/>\n\t\t<\/div>\n\n<h2>Utilaj modern<\/h2>\n<p>Combinatul de carne \u201e<strong>Basarabia Nord<\/strong>\u201d reprezint\u0103 o baz\u0103 tehnologic\u0103 puternic\u0103, care ne permite s\u0103 producem produse de cea mai \u00eenalt\u0103 calitate. Fabrica este 100% dotat\u0103 cu utilaj nou \u015fi performant, produs \u00een Germania, Austria \u015fi Italia. \u00cen procesul de produc\u0163ie, tradi\u0163ional, se respect\u0103 strict controlul deplin, cum o cereau standardele sovietice SATS \u015fi instruc\u0163iunile de control al calit\u0103\u0163ii \u015fi st\u0103rii igienice.<br \/>\nFiecare produs din sortimentul de salamuri \u015fi mezeluri \u201eBasarabia Nord\u201d este o mic\u0103 capodoper\u0103 a talentului culinar al tehnologilor no\u015ftri, rezultatul a zeci de degusta\u0163ii \u015fi ore de experimente creative, menite s\u0103 g\u0103seasc\u0103 re\u021beta perfect\u0103. Iar implementarea acestui ideal \u00een via\u0163\u0103 este posibil\u0103 doar prin intermediul unor tehnologii moderne de produc\u0163ie.<\/p>\n<h2>Serviciul Calitate \u015fi Rela\u0163ii Clien\u0163i<\/h2>\n<p>Sistemul riguros de control al calit\u0103\u0163ii m\u0103rfurilor la toate etapele de producere asigur\u0103 clien\u0163ii no\u015ftri cu produse testate, naturale \u015fi proaspete, cu un gust deosebit. Servicul de calitate al fabricii verific\u0103 foarte minu\u0163ios materia prim\u0103, circula\u0163ia acesteia, procesele tehnologice, produsele finite, condi\u0163iile de p\u0103strare \u015fi livrare. Eficien\u0163a serviciului de calitate este asigurat\u0103 de propriul laborator atestat.<br \/>\nProcesele tehnologice pe tot parcursul ciclului de produc\u0163ie corespund sitemului european HASSP. De asemenea, sistemul de calitate este construit \u00een baza standardelor ISO.<\/p>\n\n\t\t<style type=\"text\/css\">\n\t\t\t#gallery-2 {\n\t\t\t\tmargin: auto;\n\t\t\t}\n\t\t\t#gallery-2 .gallery-item {\n\t\t\t\tfloat: left;\n\t\t\t\tmargin-top: 10px;\n\t\t\t\ttext-align: center;\n\t\t\t\twidth: 50%;\n\t\t\t}\n\t\t\t#gallery-2 img {\n\t\t\t\tborder: 2px solid #cfcfcf;\n\t\t\t}\n\t\t\t#gallery-2 .gallery-caption {\n\t\t\t\tmargin-left: 0;\n\t\t\t}\n\t\t\t\/* see gallery_shortcode() in wp-includes\/media.php *\/\n\t\t<\/style>\n\t\t<div id='gallery-2' class='gallery galleryid-16642 gallery-columns-2 gallery-size-portfolio'><dl class='gallery-item'>\n\t\t\t<dt class='gallery-icon landscape'>\n\t\t\t\t<img width=\"600\" height=\"400\" src=\"https:\/\/basarabia-nord.md\/wp-content\/uploads\/2021\/07\/prod-3-600x400.jpg\" class=\"attachment-portfolio size-portfolio\" alt=\"\" loading=\"lazy\" srcset=\"https:\/\/basarabia-nord.md\/wp-content\/uploads\/2021\/07\/prod-3-600x400.jpg 600w, https:\/\/basarabia-nord.md\/wp-content\/uploads\/2021\/07\/prod-3-390x260.jpg 390w, https:\/\/basarabia-nord.md\/wp-content\/uploads\/2021\/07\/prod-3-768x512.jpg 768w, https:\/\/basarabia-nord.md\/wp-content\/uploads\/2021\/07\/prod-3.jpg 984w\" sizes=\"(max-width: 600px) 100vw, 600px\" \/>\n\t\t\t<\/dt><\/dl><dl class='gallery-item'>\n\t\t\t<dt class='gallery-icon landscape'>\n\t\t\t\t<img width=\"600\" height=\"400\" src=\"https:\/\/basarabia-nord.md\/wp-content\/uploads\/2021\/08\/IRS_4910-1-600x400.jpg\" class=\"attachment-portfolio size-portfolio\" alt=\"\" loading=\"lazy\" srcset=\"https:\/\/basarabia-nord.md\/wp-content\/uploads\/2021\/08\/IRS_4910-1-600x400.jpg 600w, https:\/\/basarabia-nord.md\/wp-content\/uploads\/2021\/08\/IRS_4910-1-390x260.jpg 390w, https:\/\/basarabia-nord.md\/wp-content\/uploads\/2021\/08\/IRS_4910-1-1024x684.jpg 1024w, https:\/\/basarabia-nord.md\/wp-content\/uploads\/2021\/08\/IRS_4910-1-768x513.jpg 768w, https:\/\/basarabia-nord.md\/wp-content\/uploads\/2021\/08\/IRS_4910-1-1536x1025.jpg 1536w, https:\/\/basarabia-nord.md\/wp-content\/uploads\/2021\/08\/IRS_4910-1-2048x1367.jpg 2048w\" sizes=\"(max-width: 600px) 100vw, 600px\" \/>\n\t\t\t<\/dt><\/dl><br style=\"clear: both\" \/>\n\t\t<\/div>\n\n<h2>O echip\u0103 profesionist\u0103 este cheia succesului<\/h2>\n<p>Calitatea \u00eenalt\u0103 a mezelurilor noastre este asigurat\u0103 de o echip\u0103 profesionist\u0103 de speciali\u015fti. Pentru noi este important s\u0103 \u015ftim c\u0103 angaja\u0163ii no\u015ftri sunt me\u015fteri de calificare superioar\u0103, iat\u0103 de ce fiecare angajat este ales din zeci de candidaturi. Datorit\u0103 alegerii corecte a speciali\u015ftilor, lucrul echipei noastre \u00een repetate r\u00eenduri a fost apreciat la cel mai \u00eenalt nivel.<\/p>\n<p>Noi, p\u00een\u0103 \u00een prezent, producem produse foarte gustoase din carne natural\u0103, la fel ca cele pe care mul\u0163i le \u0163in minte \u00eenc\u0103 din copil\u0103rie. Oferim consumatorilor salam de calitate superioar\u0103, pe care cu \u00eencredere \u00eel po\u0163i recomanda rudelor, prietenilor \u015fi cunoscu\u0163ilor.<\/p>\n\n\t\t<style type=\"text\/css\">\n\t\t\t#gallery-3 {\n\t\t\t\tmargin: auto;\n\t\t\t}\n\t\t\t#gallery-3 .gallery-item {\n\t\t\t\tfloat: left;\n\t\t\t\tmargin-top: 10px;\n\t\t\t\ttext-align: center;\n\t\t\t\twidth: 50%;\n\t\t\t}\n\t\t\t#gallery-3 img {\n\t\t\t\tborder: 2px solid #cfcfcf;\n\t\t\t}\n\t\t\t#gallery-3 .gallery-caption {\n\t\t\t\tmargin-left: 0;\n\t\t\t}\n\t\t\t\/* see gallery_shortcode() in wp-includes\/media.php *\/\n\t\t<\/style>\n\t\t<div id='gallery-3' class='gallery galleryid-16642 gallery-columns-2 gallery-size-full'><dl class='gallery-item'>\n\t\t\t<dt class='gallery-icon landscape'>\n\t\t\t\t<img width=\"984\" height=\"655\" src=\"https:\/\/basarabia-nord.md\/wp-content\/uploads\/2021\/07\/prod-1.jpg\" class=\"attachment-full size-full\" alt=\"\" loading=\"lazy\" srcset=\"https:\/\/basarabia-nord.md\/wp-content\/uploads\/2021\/07\/prod-1.jpg 984w, https:\/\/basarabia-nord.md\/wp-content\/uploads\/2021\/07\/prod-1-390x260.jpg 390w, https:\/\/basarabia-nord.md\/wp-content\/uploads\/2021\/07\/prod-1-768x511.jpg 768w, https:\/\/basarabia-nord.md\/wp-content\/uploads\/2021\/07\/prod-1-600x400.jpg 600w\" sizes=\"(max-width: 984px) 100vw, 984px\" \/>\n\t\t\t<\/dt><\/dl><dl class='gallery-item'>\n\t\t\t<dt class='gallery-icon landscape'>\n\t\t\t\t<img width=\"984\" height=\"656\" src=\"https:\/\/basarabia-nord.md\/wp-content\/uploads\/2021\/07\/prod-4.jpg\" class=\"attachment-full size-full\" alt=\"\" loading=\"lazy\" srcset=\"https:\/\/basarabia-nord.md\/wp-content\/uploads\/2021\/07\/prod-4.jpg 984w, https:\/\/basarabia-nord.md\/wp-content\/uploads\/2021\/07\/prod-4-390x260.jpg 390w, https:\/\/basarabia-nord.md\/wp-content\/uploads\/2021\/07\/prod-4-768x512.jpg 768w, https:\/\/basarabia-nord.md\/wp-content\/uploads\/2021\/07\/prod-4-600x400.jpg 600w\" sizes=\"(max-width: 984px) 100vw, 984px\" \/>\n\t\t\t<\/dt><\/dl><br style=\"clear: both\" \/>\n\t\t<\/div>\n\n<h2>Carnea \u2013 materie prim\u0103<\/h2>\n<p>Produsele \u201e<strong>Basarabia Nord<\/strong>\u201d sunt fabricate \u00een exclusivitate din carne natural\u0103 de calitate superioar\u0103. Din principiu, noi nu folosim \u00een procesul de produc\u0163ie proteine vegetale (soie). Abatorul de pe teritoriul combinatului, func\u021bioneaz\u0103 \u00een regim continuu \u015fi asigur\u0103 procesul de produc\u0163ie cu carne proasp\u0103t\u0103 de calitate superioar\u0103, din care se produc toate delicatesele noastre. Carnea noastr\u0103 nu este supus\u0103 congel\u0103rii, p\u0103str\u00e2nd gustul natural \u015fi propriet\u0103\u0163ile utile.<br \/>\n\u00cen sec\u0163ia de dezosare strict se respect\u0103 un <strong>regim termic<\/strong> nu mai \u00eenalt de +8\u00b0\u0421. Astfel este asigurat\u0103 p\u0103strarea ideal\u0103 a c\u0103rnii \u015fi calitatea superioar\u0103 a produselor. Tehnologia european\u0103 de dezosare, conform c\u0103reia masa muscular\u0103 este desprins\u0103 de os \u00een concordan\u0163\u0103 cu construc\u0163ia anatomic\u0103 \u015fi f\u0103r\u0103 distrugerea structurii naturale a c\u0103rnii, asigur\u0103 p\u0103strarea gustului \u0219i propriet\u0103\u021bilor ei nutritive.<\/p>\n<p>Furnizorii principali ai companiei \u201e<strong>Basarabia Nord<\/strong>\u201d sunt cele mai mari complexe de cre\u015ftere a raselor de porci de bacon. De asemenea, noi am semnat acorduri cu complexele europene de hr\u0103nire\/\u00eengr\u0103\u015fare a animalelor pentru carne, \u00een alimentarea c\u0103rora nu se folosesc preparate pentru stimularea cre\u015fterii. Datorit\u0103 acestei abord\u0103ri produc\u0163ia este considerat\u0103 <strong>ecologic pur\u0103 \u015fi de calitate \u00eenalt\u0103 de consum<\/strong>.<\/p>\n<p>Serviciul de calitate <strong>supravegheaz\u0103 minu\u0163ios materia prim\u0103<\/strong>, procesul tehnologic, produc\u0163ia final\u0103, condi\u0163iile de p\u0103strare, livrarea. Eficien\u0163a serviciului de calitate este asigurat\u0103 de existen\u0163a unui laborator personal atestat.<\/p>\n<h2>Laborator<\/h2>\n<p>Compania SA &#8222;Basarabia-Nord&#8221; de\u0163ine un propriu laborator de \u00eencerc\u0103ri, care este acreditat de Centrul Na\u021bional de Acreditare MOLDAC pentru competen\u021ba tehnic\u0103 \u00een conformitatea cu cerin\u021bele SM SR ISO \/ CEI 17025: 2006.<\/p>\n<p>Existen\u0163a unui <strong>Laborator Acreditat<\/strong>, spore\u015fte \u00eencrederea din partea clien\u0163ilor cu privire la calitatea produselor fabricate.<br \/>\nLaboratorul are drept de func\u0163ie monitoriz\u0103rii produselor la intrare &#8211; (materie prim\u0103 din carne \u0219i materiale auxiliare), controlul parametrilor tehnologici \u0219i a condi\u021biilor sanitare \u00een timpul fabric\u0103rii produselor, precum \u0219i func\u0163ia de control a calit\u0103\u0163ii \u0219i a performan\u021bei de siguran\u021b\u0103 a produselor noastre.<br \/>\nLaboratorul efectueaz\u0103 evalu\u0103ri organoleptice, fizico-chimice, microbiologice \u0219i toxicologice pentru 22 indici.<\/p>\n<h3>Laboratorul de \u00eencerc\u0103ri asigur\u0103 calitatea rezultatelor \u00eencerc\u0103rilor prin:<\/h3>\n<p><strong>\u0421ontrolul intern al calit\u0103\u021bii:<\/strong><\/p>\n<ul>\n<li>teste de recuperare;<\/li>\n<li>diagrame de contro;<\/li>\n<li>repetarea \u00eencerc\u0103rilor;<\/li>\n<li>audituri interne;<\/li>\n<li>teste interlaboratoare.<\/li>\n<\/ul>\n<p><strong>Controlul extern al calit\u0103\u0163ii:<\/strong><\/p>\n<ul>\n<li>participarea la teste interlaboratoare na\u021bionale;<\/li>\n<li>audituri externe de c\u0103tre Organismul Na\u021bional de Acreditare MOLDAC.<\/li>\n<\/ul>\n","protected":false},"excerpt":{"rendered":"<p>Procesul tehnologic \u201eBasarabia Nord\u201d este un exemplu modern al industriei prelucr\u0103rii de carne cu un ciclu complet de produc\u0163ie. Aceasta asigur\u0103 gestionarea sistematic\u0103 a calit\u0103\u0163ii la toate nivele, de la abator, p\u00een\u0103 la ambalarea \u015fi realizarea produselor. O jum\u0103tate de secol de experien\u021b\u0103 a dinastiilor de me\u015fteri ai mezelurilor Scopul de baz\u0103 al companiei \u201eBasarabia Nord\u201d este producerea mezelurilor proaspete, de calitate superioar\u0103. Succesul nostru este asigurat de o echip\u0103 de profesioni\u015fti motiva\u0163i la toate nivelele. Pe parcursul istoriei noastre de mai mult de jum\u0103tate de secol s-au format mai multe genera\u0163ii de tehnologi \u015fi me\u015fteri \u00een producerea salamurilor, care lucreaz\u0103 mai mul\u0163i ani \u00een \u00eentreprinderea noastr\u0103 \u015fi transmit experien\u0163a lor bogat\u0103 tinerilor speciali\u015fti. Ast\u0103zi la Combinatul de carne \u201eBasarabia Nord\u201d activeaz\u0103 reprezentan\u0163ii a mai mult de 10 dinastii. Re\u021betele STAS \u015fi buc\u0103t\u0103ria avangardist\u0103 \u201eBasarabia Nord\u201d este marca despre care se spune: \u201eIat\u0103 a\u015fa trebuie s\u0103 fie salamul \u2013 ca \u00een copil\u0103rie!\u201d \u00cen asortimentul \u201eBasarabia Nord\u201d intr\u0103 peste 200 de tipuri de salam \u015fi delicatese din carne. La baza asortimentului stau salamuri \u015fi afum\u0103turi preg\u0103tite \u00een conformitate cu standardele STAS. \u00cen decurs de peste 65 de ani, noi producem: salamuri fierte \u201eDoktorskaia\u201d, \u201eLiubiteliskaia\u201d, salamuri fiert-afumate: \u201eServelat\u201d, \u201eDe Moscova\u201d, salamuri crud-afumate [&hellip;]<\/p>\n","protected":false},"author":1,"featured_media":0,"parent":0,"menu_order":0,"comment_status":"closed","ping_status":"closed","template":"","meta":[],"_links":{"self":[{"href":"https:\/\/basarabia-nord.md\/ro\/wp-json\/wp\/v2\/pages\/16642"}],"collection":[{"href":"https:\/\/basarabia-nord.md\/ro\/wp-json\/wp\/v2\/pages"}],"about":[{"href":"https:\/\/basarabia-nord.md\/ro\/wp-json\/wp\/v2\/types\/page"}],"author":[{"embeddable":true,"href":"https:\/\/basarabia-nord.md\/ro\/wp-json\/wp\/v2\/users\/1"}],"replies":[{"embeddable":true,"href":"https:\/\/basarabia-nord.md\/ro\/wp-json\/wp\/v2\/comments?post=16642"}],"version-history":[{"count":1,"href":"https:\/\/basarabia-nord.md\/ro\/wp-json\/wp\/v2\/pages\/16642\/revisions"}],"predecessor-version":[{"id":16675,"href":"https:\/\/basarabia-nord.md\/ro\/wp-json\/wp\/v2\/pages\/16642\/revisions\/16675"}],"wp:attachment":[{"href":"https:\/\/basarabia-nord.md\/ro\/wp-json\/wp\/v2\/media?parent=16642"}],"curies":[{"name":"wp","href":"https:\/\/api.w.org\/{rel}","templated":true}]}}