{"id":16643,"date":"2021-08-02T12:17:36","date_gmt":"2021-08-02T09:17:36","guid":{"rendered":"https:\/\/basarabia-nord.md\/produse\/"},"modified":"2024-03-19T00:45:38","modified_gmt":"2024-03-18T21:45:38","slug":"produse","status":"publish","type":"page","link":"https:\/\/basarabia-nord.md\/ro\/produse\/","title":{"rendered":"Produse"},"content":{"rendered":"<p>[vc_row top_padding=&#8221;20&#8243; bottom_padding=&#8221;40&#8243;][vc_column][vc_column_text]<\/p>\n<h3 style=\"text-align: center;\">La Combinatul de Carne din B\u0103l\u021bi avem p\u0103strate \u00een arhiv\u0103 re\u021betele<\/h3>\n<p style=\"text-align: center;\">acelor mezeluri, de pe vremea c\u00e2nd erau doar din carne \u0219i de aceea erau la mare c\u0103utare.<\/p>\n<p style=\"text-align: center;\">\u0218i ast\u0103zi, am readus la via\u021b\u0103 marca na\u021bional\u0103 \u0219i producem mezeluri pur clasice moldovene\u0219ti, delicatese din carne, &#8222;Doktorskaia&#8221; \u0219i acei crenvur\u0219ti de lapte de alt\u0103dat\u0103!<\/p>\n<p style=\"text-align: center;\">Vremurile s-au schimbat, deficitul nu mai este, iar Basarabia Nord este acum \u00een toate magazinele din \u021bar\u0103!<\/p>\n<h3 style=\"text-align: center;\">Gustul este acel de alt\u0103dat\u0103, cu 65 de ani \u00een urm\u0103.<\/h3>\n<p>[\/vc_column_text][\/vc_column][\/vc_row][vc_row type=&#8221;full_width_section&#8221; bg_color=&#8221;#e30413&#8243; text_align=&#8221;center&#8221;][vc_column el_class=&#8221;cat-box&#8221; animation=&#8221;fade-in-from-bottom&#8221; bg_color=&#8221;#e30413&#8243; column_padding=&#8221;custom-padding&#8221; text_align=&#8221;center&#8221; width=&#8221;1\/1&#8243;][vc_column_text el_class=&#8221;image-block-box&#8221;]<a href=\"\/wp-content\/uploads\/2024\/03\/catalog_bn.pdf\" target=\"_blank\" rel=\"noopener\"><img loading=\"lazy\" class=\"aligncenter size-full wp-image-16779\" src=\"\/wp-content\/uploads\/2024\/01\/catalog.ro.png\" alt=\"\" width=\"1920\" height=\"750\" \/><\/a>[\/vc_column_text][\/vc_column][\/vc_row][vc_row][vc_column width=&#8221;1\/1&#8243;]<div class=\"spacer\" style=\"height: 80px;\"><\/div>[\/vc_column][\/vc_row]<\/p>\n","protected":false},"excerpt":{"rendered":"<p>[vc_row top_padding=&#8221;20&#8243; bottom_padding=&#8221;40&#8243;][vc_column][vc_column_text] La Combinatul de Carne din B\u0103l\u021bi avem p\u0103strate \u00een arhiv\u0103 re\u021betele acelor mezeluri, de pe vremea c\u00e2nd erau doar din carne \u0219i de aceea erau la mare c\u0103utare. \u0218i ast\u0103zi, am readus la via\u021b\u0103 marca na\u021bional\u0103 \u0219i producem mezeluri pur clasice moldovene\u0219ti, delicatese din carne, &#8222;Doktorskaia&#8221; \u0219i acei crenvur\u0219ti de lapte de alt\u0103dat\u0103! Vremurile s-au schimbat, deficitul nu mai este, iar Basarabia Nord este acum \u00een toate magazinele din \u021bar\u0103! Gustul este acel de alt\u0103dat\u0103, cu 65 de ani \u00een urm\u0103. [\/vc_column_text][\/vc_column][\/vc_row][vc_row type=&#8221;full_width_section&#8221; bg_color=&#8221;#e30413&#8243; text_align=&#8221;center&#8221;][vc_column el_class=&#8221;cat-box&#8221; animation=&#8221;fade-in-from-bottom&#8221; bg_color=&#8221;#e30413&#8243; column_padding=&#8221;custom-padding&#8221; text_align=&#8221;center&#8221; width=&#8221;1\/1&#8243;][vc_column_text el_class=&#8221;image-block-box&#8221;][\/vc_column_text][\/vc_column][\/vc_row][vc_row][vc_column width=&#8221;1\/1&#8243;][\/vc_column][\/vc_row]<\/p>\n","protected":false},"author":1,"featured_media":0,"parent":0,"menu_order":0,"comment_status":"closed","ping_status":"closed","template":"","meta":[],"_links":{"self":[{"href":"https:\/\/basarabia-nord.md\/ro\/wp-json\/wp\/v2\/pages\/16643"}],"collection":[{"href":"https:\/\/basarabia-nord.md\/ro\/wp-json\/wp\/v2\/pages"}],"about":[{"href":"https:\/\/basarabia-nord.md\/ro\/wp-json\/wp\/v2\/types\/page"}],"author":[{"embeddable":true,"href":"https:\/\/basarabia-nord.md\/ro\/wp-json\/wp\/v2\/users\/1"}],"replies":[{"embeddable":true,"href":"https:\/\/basarabia-nord.md\/ro\/wp-json\/wp\/v2\/comments?post=16643"}],"version-history":[{"count":10,"href":"https:\/\/basarabia-nord.md\/ro\/wp-json\/wp\/v2\/pages\/16643\/revisions"}],"predecessor-version":[{"id":16816,"href":"https:\/\/basarabia-nord.md\/ro\/wp-json\/wp\/v2\/pages\/16643\/revisions\/16816"}],"wp:attachment":[{"href":"https:\/\/basarabia-nord.md\/ro\/wp-json\/wp\/v2\/media?parent=16643"}],"curies":[{"name":"wp","href":"https:\/\/api.w.org\/{rel}","templated":true}]}}