{"id":16644,"date":"2021-08-02T12:18:39","date_gmt":"2021-08-02T09:18:39","guid":{"rendered":"https:\/\/basarabia-nord.md\/filletti-group\/"},"modified":"2024-03-11T00:18:51","modified_gmt":"2024-03-10T21:18:51","slug":"filletti-group","status":"publish","type":"page","link":"https:\/\/basarabia-nord.md\/ro\/filletti-group\/","title":{"rendered":"Filletti Group"},"content":{"rendered":"<p><strong>Filletti Group<\/strong> este un grup agroindustrial de companii care produce mai mult de o sut\u0103 de produse pe diferite segmente. Conform principiului unui lan\u021b complet de producere, avem propriile combine, cultiv\u0103m \u0219i stoc\u0103m cereale \u00een propriile depozite, producem furaje pentru animale, avem propriile ferme de porci, prelucr\u0103m carne, producem c\u00e2rna\u021bi \u0219i produse de panifica\u021bie.<\/p>\n<p><strong>Compania noastr\u0103 are peste 11 mii de hectare \u00een toat\u0103 Moldova.<\/strong><\/p>\n<p>Cele 12 companii ale <strong>Filletti Group<\/strong> opereaz\u0103 \u00een 6 domenii de business. Fiecare domeniu necesit\u0103 tehnologii \u0219i strategii de marketing diferite, dar, datorit\u0103 faptului c\u0103 toate fac parte din acela\u0219i lan\u021b, apare sinergia.<\/p>\n<p><strong>Filletti Group<\/strong> are peste 1.700 de angaja\u021bi: \u0219oferi de tractoare \u0219i combine agricole, fermieri, agronomi, mae\u0219tri \u00een c\u00e2rna\u021bi, tehnologi, brutari, \u0219oferi, manageri &#8211; ace\u0219tia sunt cet\u0103\u021beni ai Republicii Moldova care creaz\u0103 zilnic peste 100 de produse de calitate.<\/p>\n<p><strong>Filletti Group<\/strong> este un grup de companii, unde calitatea este garantat\u0103 de c\u0103tre profesioni\u0219ti califica\u021bi, care \u00ee\u0219i asum\u0103 responsabilitatea \u00een fiecare etap\u0103 a lan\u021bului de produc\u021bie.<\/p>\n<p><strong>Filletti Group<\/strong> opereaz\u0103 \u00een sectorul agricol real economic de 19 ani, investind \u00eentr-un ciclu complet, \u00eencep\u00e2nd de la cultivarea terenului p\u00e2n\u0103 la produc\u021bia de alimente. Acest lucru ne permite s\u0103 stabilim un nivel \u00eenalt al calit\u0103\u021bii produsului final \u00een fiecare etap\u0103 a producerii.<\/p>\n<p>&nbsp;<\/p>\n<p><img loading=\"lazy\" class=\"aligncenter size-full wp-image-16691\" src=\"http:\/\/basarabia-nord.md\/wp-content\/uploads\/2021\/09\/ShemaKarta_RUM.png\" alt=\"\" width=\"1200\" height=\"1648\" srcset=\"https:\/\/basarabia-nord.md\/wp-content\/uploads\/2021\/09\/ShemaKarta_RUM.png 1200w, https:\/\/basarabia-nord.md\/wp-content\/uploads\/2021\/09\/ShemaKarta_RUM-364x500.png 364w, https:\/\/basarabia-nord.md\/wp-content\/uploads\/2021\/09\/ShemaKarta_RUM-746x1024.png 746w, https:\/\/basarabia-nord.md\/wp-content\/uploads\/2021\/09\/ShemaKarta_RUM-768x1055.png 768w, https:\/\/basarabia-nord.md\/wp-content\/uploads\/2021\/09\/ShemaKarta_RUM-1118x1536.png 1118w\" sizes=\"(max-width: 1200px) 100vw, 1200px\" \/><\/p>\n<hr \/>\n\n\t\t<style type=\"text\/css\">\n\t\t\t#gallery-1 {\n\t\t\t\tmargin: auto;\n\t\t\t}\n\t\t\t#gallery-1 .gallery-item {\n\t\t\t\tfloat: left;\n\t\t\t\tmargin-top: 10px;\n\t\t\t\ttext-align: center;\n\t\t\t\twidth: 50%;\n\t\t\t}\n\t\t\t#gallery-1 img {\n\t\t\t\tborder: 2px solid #cfcfcf;\n\t\t\t}\n\t\t\t#gallery-1 .gallery-caption {\n\t\t\t\tmargin-left: 0;\n\t\t\t}\n\t\t\t\/* see gallery_shortcode() in wp-includes\/media.php *\/\n\t\t<\/style>\n\t\t<div id='gallery-1' class='gallery galleryid-16644 gallery-columns-2 gallery-size-portfolio'><dl class='gallery-item'>\n\t\t\t<dt class='gallery-icon landscape'>\n\t\t\t\t<img width=\"600\" height=\"400\" src=\"https:\/\/basarabia-nord.md\/wp-content\/uploads\/2021\/07\/1-600x400.png\" class=\"attachment-portfolio size-portfolio\" alt=\"\" loading=\"lazy\" srcset=\"https:\/\/basarabia-nord.md\/wp-content\/uploads\/2021\/07\/1-600x400.png 600w, https:\/\/basarabia-nord.md\/wp-content\/uploads\/2021\/07\/1-390x260.png 390w, https:\/\/basarabia-nord.md\/wp-content\/uploads\/2021\/07\/1-1024x683.png 1024w, https:\/\/basarabia-nord.md\/wp-content\/uploads\/2021\/07\/1-768x512.png 768w, https:\/\/basarabia-nord.md\/wp-content\/uploads\/2021\/07\/1.png 1240w\" sizes=\"(max-width: 600px) 100vw, 600px\" \/>\n\t\t\t<\/dt><\/dl><dl class='gallery-item'>\n\t\t\t<dt class='gallery-icon landscape'>\n\t\t\t\t<img width=\"600\" height=\"400\" src=\"https:\/\/basarabia-nord.md\/wp-content\/uploads\/2021\/07\/2-600x400.png\" class=\"attachment-portfolio size-portfolio\" alt=\"\" loading=\"lazy\" srcset=\"https:\/\/basarabia-nord.md\/wp-content\/uploads\/2021\/07\/2-600x400.png 600w, https:\/\/basarabia-nord.md\/wp-content\/uploads\/2021\/07\/2-390x260.png 390w, https:\/\/basarabia-nord.md\/wp-content\/uploads\/2021\/07\/2-1024x683.png 1024w, https:\/\/basarabia-nord.md\/wp-content\/uploads\/2021\/07\/2-768x512.png 768w, https:\/\/basarabia-nord.md\/wp-content\/uploads\/2021\/07\/2.png 1240w\" sizes=\"(max-width: 600px) 100vw, 600px\" \/>\n\t\t\t<\/dt><\/dl><br style=\"clear: both\" \/>\n\t\t<\/div>\n\n\n\t\t<style type=\"text\/css\">\n\t\t\t#gallery-2 {\n\t\t\t\tmargin: auto;\n\t\t\t}\n\t\t\t#gallery-2 .gallery-item {\n\t\t\t\tfloat: left;\n\t\t\t\tmargin-top: 10px;\n\t\t\t\ttext-align: center;\n\t\t\t\twidth: 50%;\n\t\t\t}\n\t\t\t#gallery-2 img {\n\t\t\t\tborder: 2px solid #cfcfcf;\n\t\t\t}\n\t\t\t#gallery-2 .gallery-caption {\n\t\t\t\tmargin-left: 0;\n\t\t\t}\n\t\t\t\/* see gallery_shortcode() in wp-includes\/media.php *\/\n\t\t<\/style>\n\t\t<div id='gallery-2' class='gallery galleryid-16644 gallery-columns-2 gallery-size-portfolio'><dl class='gallery-item'>\n\t\t\t<dt class='gallery-icon landscape'>\n\t\t\t\t<img width=\"600\" height=\"400\" src=\"https:\/\/basarabia-nord.md\/wp-content\/uploads\/2021\/07\/3-600x400.png\" class=\"attachment-portfolio size-portfolio\" alt=\"\" loading=\"lazy\" \/>\n\t\t\t<\/dt><\/dl><dl class='gallery-item'>\n\t\t\t<dt class='gallery-icon landscape'>\n\t\t\t\t<img width=\"600\" height=\"400\" src=\"https:\/\/basarabia-nord.md\/wp-content\/uploads\/2021\/07\/4-600x400.png\" class=\"attachment-portfolio size-portfolio\" alt=\"\" loading=\"lazy\" srcset=\"https:\/\/basarabia-nord.md\/wp-content\/uploads\/2021\/07\/4-600x400.png 600w, https:\/\/basarabia-nord.md\/wp-content\/uploads\/2021\/07\/4-390x260.png 390w, https:\/\/basarabia-nord.md\/wp-content\/uploads\/2021\/07\/4-1024x683.png 1024w, https:\/\/basarabia-nord.md\/wp-content\/uploads\/2021\/07\/4-768x512.png 768w, https:\/\/basarabia-nord.md\/wp-content\/uploads\/2021\/07\/4.png 1240w\" sizes=\"(max-width: 600px) 100vw, 600px\" \/>\n\t\t\t<\/dt><\/dl><br style=\"clear: both\" \/>\n\t\t<\/div>\n\n\n\t\t<style type=\"text\/css\">\n\t\t\t#gallery-3 {\n\t\t\t\tmargin: auto;\n\t\t\t}\n\t\t\t#gallery-3 .gallery-item {\n\t\t\t\tfloat: left;\n\t\t\t\tmargin-top: 10px;\n\t\t\t\ttext-align: center;\n\t\t\t\twidth: 50%;\n\t\t\t}\n\t\t\t#gallery-3 img {\n\t\t\t\tborder: 2px solid #cfcfcf;\n\t\t\t}\n\t\t\t#gallery-3 .gallery-caption {\n\t\t\t\tmargin-left: 0;\n\t\t\t}\n\t\t\t\/* see gallery_shortcode() in wp-includes\/media.php *\/\n\t\t<\/style>\n\t\t<div id='gallery-3' class='gallery galleryid-16644 gallery-columns-2 gallery-size-portfolio'><dl class='gallery-item'>\n\t\t\t<dt class='gallery-icon landscape'>\n\t\t\t\t<img width=\"600\" height=\"400\" src=\"https:\/\/basarabia-nord.md\/wp-content\/uploads\/2021\/07\/5-600x400.png\" class=\"attachment-portfolio size-portfolio\" alt=\"\" loading=\"lazy\" srcset=\"https:\/\/basarabia-nord.md\/wp-content\/uploads\/2021\/07\/5-600x400.png 600w, https:\/\/basarabia-nord.md\/wp-content\/uploads\/2021\/07\/5-390x260.png 390w, https:\/\/basarabia-nord.md\/wp-content\/uploads\/2021\/07\/5-1024x683.png 1024w, https:\/\/basarabia-nord.md\/wp-content\/uploads\/2021\/07\/5-768x512.png 768w, https:\/\/basarabia-nord.md\/wp-content\/uploads\/2021\/07\/5.png 1240w\" sizes=\"(max-width: 600px) 100vw, 600px\" \/>\n\t\t\t<\/dt><\/dl><dl class='gallery-item'>\n\t\t\t<dt class='gallery-icon landscape'>\n\t\t\t\t<img width=\"600\" height=\"400\" src=\"https:\/\/basarabia-nord.md\/wp-content\/uploads\/2021\/07\/6-600x400.png\" class=\"attachment-portfolio size-portfolio\" alt=\"\" loading=\"lazy\" srcset=\"https:\/\/basarabia-nord.md\/wp-content\/uploads\/2021\/07\/6-600x400.png 600w, https:\/\/basarabia-nord.md\/wp-content\/uploads\/2021\/07\/6-390x260.png 390w, https:\/\/basarabia-nord.md\/wp-content\/uploads\/2021\/07\/6-1024x683.png 1024w, https:\/\/basarabia-nord.md\/wp-content\/uploads\/2021\/07\/6-768x512.png 768w, https:\/\/basarabia-nord.md\/wp-content\/uploads\/2021\/07\/6.png 1240w\" sizes=\"(max-width: 600px) 100vw, 600px\" \/>\n\t\t\t<\/dt><\/dl><br style=\"clear: both\" \/>\n\t\t<\/div>\n\n\n\t\t<style type=\"text\/css\">\n\t\t\t#gallery-4 {\n\t\t\t\tmargin: auto;\n\t\t\t}\n\t\t\t#gallery-4 .gallery-item {\n\t\t\t\tfloat: left;\n\t\t\t\tmargin-top: 10px;\n\t\t\t\ttext-align: center;\n\t\t\t\twidth: 50%;\n\t\t\t}\n\t\t\t#gallery-4 img {\n\t\t\t\tborder: 2px solid #cfcfcf;\n\t\t\t}\n\t\t\t#gallery-4 .gallery-caption {\n\t\t\t\tmargin-left: 0;\n\t\t\t}\n\t\t\t\/* see gallery_shortcode() in wp-includes\/media.php *\/\n\t\t<\/style>\n\t\t<div id='gallery-4' class='gallery galleryid-16644 gallery-columns-2 gallery-size-portfolio'><dl class='gallery-item'>\n\t\t\t<dt class='gallery-icon landscape'>\n\t\t\t\t<img width=\"600\" height=\"400\" src=\"https:\/\/basarabia-nord.md\/wp-content\/uploads\/2021\/07\/7-600x400.png\" class=\"attachment-portfolio size-portfolio\" alt=\"\" loading=\"lazy\" srcset=\"https:\/\/basarabia-nord.md\/wp-content\/uploads\/2021\/07\/7-600x400.png 600w, https:\/\/basarabia-nord.md\/wp-content\/uploads\/2021\/07\/7-390x260.png 390w, https:\/\/basarabia-nord.md\/wp-content\/uploads\/2021\/07\/7-1024x683.png 1024w, https:\/\/basarabia-nord.md\/wp-content\/uploads\/2021\/07\/7-768x512.png 768w, https:\/\/basarabia-nord.md\/wp-content\/uploads\/2021\/07\/7.png 1240w\" sizes=\"(max-width: 600px) 100vw, 600px\" \/>\n\t\t\t<\/dt><\/dl><dl class='gallery-item'>\n\t\t\t<dt class='gallery-icon landscape'>\n\t\t\t\t<img width=\"600\" height=\"400\" src=\"https:\/\/basarabia-nord.md\/wp-content\/uploads\/2021\/07\/8-600x400.png\" class=\"attachment-portfolio size-portfolio\" alt=\"\" loading=\"lazy\" \/>\n\t\t\t<\/dt><\/dl><br style=\"clear: both\" \/>\n\t\t<\/div>\n\n\n\t\t<style type=\"text\/css\">\n\t\t\t#gallery-5 {\n\t\t\t\tmargin: auto;\n\t\t\t}\n\t\t\t#gallery-5 .gallery-item {\n\t\t\t\tfloat: left;\n\t\t\t\tmargin-top: 10px;\n\t\t\t\ttext-align: center;\n\t\t\t\twidth: 50%;\n\t\t\t}\n\t\t\t#gallery-5 img {\n\t\t\t\tborder: 2px solid #cfcfcf;\n\t\t\t}\n\t\t\t#gallery-5 .gallery-caption {\n\t\t\t\tmargin-left: 0;\n\t\t\t}\n\t\t\t\/* see gallery_shortcode() in wp-includes\/media.php *\/\n\t\t<\/style>\n\t\t<div id='gallery-5' class='gallery galleryid-16644 gallery-columns-2 gallery-size-portfolio'><dl class='gallery-item'>\n\t\t\t<dt class='gallery-icon landscape'>\n\t\t\t\t<img width=\"600\" height=\"400\" src=\"https:\/\/basarabia-nord.md\/wp-content\/uploads\/2021\/07\/9-600x400.png\" class=\"attachment-portfolio size-portfolio\" alt=\"\" loading=\"lazy\" srcset=\"https:\/\/basarabia-nord.md\/wp-content\/uploads\/2021\/07\/9-600x400.png 600w, https:\/\/basarabia-nord.md\/wp-content\/uploads\/2021\/07\/9-390x260.png 390w, https:\/\/basarabia-nord.md\/wp-content\/uploads\/2021\/07\/9-1024x684.png 1024w, https:\/\/basarabia-nord.md\/wp-content\/uploads\/2021\/07\/9-768x513.png 768w, https:\/\/basarabia-nord.md\/wp-content\/uploads\/2021\/07\/9.png 1240w\" sizes=\"(max-width: 600px) 100vw, 600px\" \/>\n\t\t\t<\/dt><\/dl><dl class='gallery-item'>\n\t\t\t<dt class='gallery-icon landscape'>\n\t\t\t\t<img width=\"600\" height=\"400\" src=\"https:\/\/basarabia-nord.md\/wp-content\/uploads\/2021\/07\/10-600x400.png\" class=\"attachment-portfolio size-portfolio\" alt=\"\" loading=\"lazy\" srcset=\"https:\/\/basarabia-nord.md\/wp-content\/uploads\/2021\/07\/10-600x400.png 600w, https:\/\/basarabia-nord.md\/wp-content\/uploads\/2021\/07\/10-390x260.png 390w, https:\/\/basarabia-nord.md\/wp-content\/uploads\/2021\/07\/10-1024x684.png 1024w, https:\/\/basarabia-nord.md\/wp-content\/uploads\/2021\/07\/10-768x513.png 768w, https:\/\/basarabia-nord.md\/wp-content\/uploads\/2021\/07\/10.png 1240w\" sizes=\"(max-width: 600px) 100vw, 600px\" \/>\n\t\t\t<\/dt><\/dl><br style=\"clear: both\" \/>\n\t\t<\/div>\n\n","protected":false},"excerpt":{"rendered":"<p>Filletti Group este un grup agroindustrial de companii care produce mai mult de o sut\u0103 de produse pe diferite segmente. Conform principiului unui lan\u021b complet de producere, avem propriile combine, cultiv\u0103m \u0219i stoc\u0103m cereale \u00een propriile depozite, producem furaje pentru animale, avem propriile ferme de porci, prelucr\u0103m carne, producem c\u00e2rna\u021bi \u0219i produse de panifica\u021bie. Compania noastr\u0103 are peste 11 mii de hectare \u00een toat\u0103 Moldova. Cele 12 companii ale Filletti Group opereaz\u0103 \u00een 6 domenii de business. Fiecare domeniu necesit\u0103 tehnologii \u0219i strategii de marketing diferite, dar, datorit\u0103 faptului c\u0103 toate fac parte din acela\u0219i lan\u021b, apare sinergia. Filletti Group are peste 1.700 de angaja\u021bi: \u0219oferi de tractoare \u0219i combine agricole, fermieri, agronomi, mae\u0219tri \u00een c\u00e2rna\u021bi, tehnologi, brutari, \u0219oferi, manageri &#8211; ace\u0219tia sunt cet\u0103\u021beni ai Republicii Moldova care creaz\u0103 zilnic peste 100 de produse de calitate. Filletti Group este un grup de companii, unde calitatea este garantat\u0103 de c\u0103tre profesioni\u0219ti califica\u021bi, care \u00ee\u0219i asum\u0103 responsabilitatea \u00een fiecare etap\u0103 a lan\u021bului de produc\u021bie. Filletti Group opereaz\u0103 \u00een sectorul agricol real economic de 19 ani, investind \u00eentr-un ciclu complet, \u00eencep\u00e2nd de la cultivarea terenului p\u00e2n\u0103 la produc\u021bia de alimente. Acest lucru ne permite s\u0103 stabilim un nivel \u00eenalt al calit\u0103\u021bii produsului final [&hellip;]<\/p>\n","protected":false},"author":1,"featured_media":0,"parent":0,"menu_order":0,"comment_status":"closed","ping_status":"closed","template":"","meta":[],"_links":{"self":[{"href":"https:\/\/basarabia-nord.md\/ro\/wp-json\/wp\/v2\/pages\/16644"}],"collection":[{"href":"https:\/\/basarabia-nord.md\/ro\/wp-json\/wp\/v2\/pages"}],"about":[{"href":"https:\/\/basarabia-nord.md\/ro\/wp-json\/wp\/v2\/types\/page"}],"author":[{"embeddable":true,"href":"https:\/\/basarabia-nord.md\/ro\/wp-json\/wp\/v2\/users\/1"}],"replies":[{"embeddable":true,"href":"https:\/\/basarabia-nord.md\/ro\/wp-json\/wp\/v2\/comments?post=16644"}],"version-history":[{"count":2,"href":"https:\/\/basarabia-nord.md\/ro\/wp-json\/wp\/v2\/pages\/16644\/revisions"}],"predecessor-version":[{"id":16693,"href":"https:\/\/basarabia-nord.md\/ro\/wp-json\/wp\/v2\/pages\/16644\/revisions\/16693"}],"wp:attachment":[{"href":"https:\/\/basarabia-nord.md\/ro\/wp-json\/wp\/v2\/media?parent=16644"}],"curies":[{"name":"wp","href":"https:\/\/api.w.org\/{rel}","templated":true}]}}