{"id":16737,"date":"2024-02-07T06:19:16","date_gmt":"2024-02-07T03:19:16","guid":{"rendered":"https:\/\/basarabia-nord.md\/cariera\/"},"modified":"2024-03-19T00:15:02","modified_gmt":"2024-03-18T21:15:02","slug":"cariera","status":"publish","type":"page","link":"https:\/\/basarabia-nord.md\/ro\/cariera\/","title":{"rendered":"Cariera"},"content":{"rendered":"<p>[vc_row class=&#8221;cariera-page&#8221;][vc_column animation=&#8221;fade-in-from-bottom&#8221; column_padding=&#8221;padding-4&#8243; text_align=&#8221;center&#8221;][vc_column_text]<\/p>\n<h2>\u0218tiri despre munc\u0103 \u0219i carier\u0103<\/h2>\n<p>Venim cu ve\u0219ti bune!<br \/>\n\u00centreprinderea Basarabia Nord se dezvolt\u0103 cu succes \u2013 cre\u0103m locuri de munc\u0103 aici, la noi, \u00een patria noastr\u0103, \u00een Moldova noastr\u0103 iubit\u0103.<\/p>\n<p>Echipa este \u00een continu\u0103 cre\u0219tere \u0219i avem posibilitatea s\u0103 angajam noi speciali\u0219ti.<\/p>\n<p>[\/vc_column_text][\/vc_column][\/vc_row][vc_row type=&#8221;full_width_section&#8221; bg_color=&#8221;#e30413&#8243; text_align=&#8221;center&#8221;][vc_column el_class=&#8221;cta-cariera&#8221; animation=&#8221;fade-in-from-bottom&#8221; bg_color=&#8221;#e30413&#8243; column_padding=&#8221;padding-3&#8243; text_align=&#8221;center&#8221; width=&#8221;1\/1&#8243;][vc_column_text]<\/p>\n<h3 style=\"text-align: center;\"><span style=\"color: #ffffff;\">Afl\u0103 care sunt cele mai recente posturi vacante<\/span><br \/>\n<span style=\"color: #ffffff;\">pe pagina noastr\u0103 de profil rabota.md.<\/span><\/h3>\n<p><a class=\"btn-car btn-car-ro\" href=\"https:\/\/www.rabota.md\/ro\/companies\/basarabia-nord\" target=\"_blank\" rel=\"noopener\"><img loading=\"lazy\" class=\"aligncenter wp-image-16756\" src=\"http:\/\/basarabia-nord.md\/wp-content\/uploads\/2024\/02\/vac_ro@2x.png\" alt=\"\" width=\"370\" height=\"152\" \/><\/a><\/p>\n<p>&nbsp;<\/p>\n<p>[\/vc_column_text][\/vc_column][\/vc_row][vc_row class=&#8221;cariera-page&#8221;][vc_column animation=&#8221;fade-in-from-bottom&#8221; column_padding=&#8221;padding-4&#8243; text_align=&#8221;center&#8221;][vc_column_text]<\/p>\n<p class=\"p1\">\u00abBasarabia Nord\u00bb nu este un simplu combinat de carne, ci un colectiv mare cu o istorie lung\u0103. Mul\u021bi angaja\u021bi, lucreaz\u0103 la noi cu familii, construind dinastii de muncitori \u015fi transmi\u0163\u00eend cuno\u015ftin\u0163ele \u015fi experien\u0163a acumulate din genera\u0163ie \u00een genera\u0163ie. Noi suntem cointeresa\u0163i \u00een colaborarea \u00eendelungat\u0103 \u015fi productiv\u0103 cu angaja\u0163ii no\u015ftri.<\/p>\n<p class=\"p1\">Dac\u0103 sunte\u0163i un profesionist sau un t\u00een\u0103r specialist, vre\u0163i s\u0103 v\u0103 dezvolta\u0163i aptitudinile profesionale \u015fi s\u0103 dob\u00eendi\u0163i noi cuno\u015ftin\u0163e, v\u0103 deosebi\u0163i prin perseveren\u0163\u0103 \u015fi vre\u0163i \u015fi pute\u0163i s\u0103 ob\u0163ine\u0163i rezultate, o s\u0103 fim bucuro\u015fi s\u0103 v\u0103 primim \u00een colectivul \u00abBasarabia Nord\u00bb!<\/p>\n<p>[\/vc_column_text][\/vc_column][\/vc_row]<\/p>\n","protected":false},"excerpt":{"rendered":"<p>[vc_row class=&#8221;cariera-page&#8221;][vc_column animation=&#8221;fade-in-from-bottom&#8221; column_padding=&#8221;padding-4&#8243; text_align=&#8221;center&#8221;][vc_column_text] \u0218tiri despre munc\u0103 \u0219i carier\u0103 Venim cu ve\u0219ti bune! \u00centreprinderea Basarabia Nord se dezvolt\u0103 cu succes \u2013 cre\u0103m locuri de munc\u0103 aici, la noi, \u00een patria noastr\u0103, \u00een Moldova noastr\u0103 iubit\u0103. Echipa este \u00een continu\u0103 cre\u0219tere \u0219i avem posibilitatea s\u0103 angajam noi speciali\u0219ti. [\/vc_column_text][\/vc_column][\/vc_row][vc_row type=&#8221;full_width_section&#8221; bg_color=&#8221;#e30413&#8243; text_align=&#8221;center&#8221;][vc_column el_class=&#8221;cta-cariera&#8221; animation=&#8221;fade-in-from-bottom&#8221; bg_color=&#8221;#e30413&#8243; column_padding=&#8221;padding-3&#8243; text_align=&#8221;center&#8221; width=&#8221;1\/1&#8243;][vc_column_text] Afl\u0103 care sunt cele mai recente posturi vacante pe pagina noastr\u0103 de profil rabota.md. &nbsp; [\/vc_column_text][\/vc_column][\/vc_row][vc_row class=&#8221;cariera-page&#8221;][vc_column animation=&#8221;fade-in-from-bottom&#8221; column_padding=&#8221;padding-4&#8243; text_align=&#8221;center&#8221;][vc_column_text] \u00abBasarabia Nord\u00bb nu este un simplu combinat de carne, ci un colectiv mare cu o istorie lung\u0103. Mul\u021bi angaja\u021bi, lucreaz\u0103 la noi cu familii, construind dinastii de muncitori \u015fi transmi\u0163\u00eend cuno\u015ftin\u0163ele \u015fi experien\u0163a acumulate din genera\u0163ie \u00een genera\u0163ie. Noi suntem cointeresa\u0163i \u00een colaborarea \u00eendelungat\u0103 \u015fi productiv\u0103 cu angaja\u0163ii no\u015ftri. Dac\u0103 sunte\u0163i un profesionist sau un t\u00een\u0103r specialist, vre\u0163i s\u0103 v\u0103 dezvolta\u0163i aptitudinile profesionale \u015fi s\u0103 dob\u00eendi\u0163i noi cuno\u015ftin\u0163e, v\u0103 deosebi\u0163i prin perseveren\u0163\u0103 \u015fi vre\u0163i \u015fi pute\u0163i s\u0103 ob\u0163ine\u0163i rezultate, o s\u0103 fim bucuro\u015fi s\u0103 v\u0103 primim \u00een colectivul \u00abBasarabia Nord\u00bb! [\/vc_column_text][\/vc_column][\/vc_row]<\/p>\n","protected":false},"author":1,"featured_media":0,"parent":0,"menu_order":0,"comment_status":"closed","ping_status":"closed","template":"","meta":[],"_links":{"self":[{"href":"https:\/\/basarabia-nord.md\/ro\/wp-json\/wp\/v2\/pages\/16737"}],"collection":[{"href":"https:\/\/basarabia-nord.md\/ro\/wp-json\/wp\/v2\/pages"}],"about":[{"href":"https:\/\/basarabia-nord.md\/ro\/wp-json\/wp\/v2\/types\/page"}],"author":[{"embeddable":true,"href":"https:\/\/basarabia-nord.md\/ro\/wp-json\/wp\/v2\/users\/1"}],"replies":[{"embeddable":true,"href":"https:\/\/basarabia-nord.md\/ro\/wp-json\/wp\/v2\/comments?post=16737"}],"version-history":[{"count":8,"href":"https:\/\/basarabia-nord.md\/ro\/wp-json\/wp\/v2\/pages\/16737\/revisions"}],"predecessor-version":[{"id":16809,"href":"https:\/\/basarabia-nord.md\/ro\/wp-json\/wp\/v2\/pages\/16737\/revisions\/16809"}],"wp:attachment":[{"href":"https:\/\/basarabia-nord.md\/ro\/wp-json\/wp\/v2\/media?parent=16737"}],"curies":[{"name":"wp","href":"https:\/\/api.w.org\/{rel}","templated":true}]}}